{"id":2317,"date":"2025-07-03T14:37:47","date_gmt":"2025-07-03T14:37:47","guid":{"rendered":"https:\/\/revego.net\/?page_id=2317"},"modified":"2025-08-28T06:54:11","modified_gmt":"2025-08-28T06:54:11","slug":"musteri%cc%87-hi%cc%87zmetleri%cc%87","status":"publish","type":"page","link":"https:\/\/revego.net\/tr\/solutions\/customer-service","title":{"rendered":"M\u00fc\u015fteri Hizmetleri"},"content":{"rendered":"<div data-elementor-type=\"wp-page\" data-elementor-id=\"2317\" class=\"elementor elementor-2317\" data-elementor-post-type=\"page\">\n\t\t\t\t<div class=\"elementor-element elementor-element-76ec04a7 e-flex e-con-boxed e-con e-parent\" data-id=\"76ec04a7\" data-element_type=\"container\" data-e-type=\"container\" data-settings=\"{&quot;background_background&quot;:&quot;classic&quot;}\">\n\t\t\t\t\t<div class=\"e-con-inner\">\n\t\t<div class=\"elementor-element elementor-element-487547c1 e-con-full e-flex e-con e-child\" data-id=\"487547c1\" data-element_type=\"container\" data-e-type=\"container\">\n\t\t\t\t<div class=\"elementor-element elementor-element-1e4a0653 elementor-widget elementor-widget-heading\" data-id=\"1e4a0653\" data-element_type=\"widget\" data-e-type=\"widget\" data-widget_type=\"heading.default\">\n\t\t\t\t<div class=\"elementor-widget-container\">\n\t\t\t\t\t<h1 class=\"elementor-heading-title elementor-size-default\">M\u00fc\u015fteri Hizmetleri<\/h1>\t\t\t\t<\/div>\n\t\t\t\t<\/div>\n\t\t\t\t<div class=\"elementor-element elementor-element-5e8d1c82 elementor-icon-list--layout-inline elementor-align-center elementor-list-item-link-full_width elementor-widget elementor-widget-icon-list\" data-id=\"5e8d1c82\" data-element_type=\"widget\" data-e-type=\"widget\" data-widget_type=\"icon-list.default\">\n\t\t\t\t<div class=\"elementor-widget-container\">\n\t\t\t\t\t\t\t<ul class=\"elementor-icon-list-items elementor-inline-items\">\n\t\t\t\t\t\t\t<li class=\"elementor-icon-list-item elementor-inline-item\">\n\t\t\t\t\t\t\t\t\t\t\t<a href=\"https:\/\/revego.net\/tr\/\">\n\n\t\t\t\t\t\t\t\t\t\t\t<span class=\"elementor-icon-list-text\">Ana Sayfa<\/span>\n\t\t\t\t\t\t\t\t\t\t\t<\/a>\n\t\t\t\t\t\t\t\t\t<\/li>\n\t\t\t\t\t\t\t\t<li class=\"elementor-icon-list-item elementor-inline-item\">\n\t\t\t\t\t\t\t\t\t\t\t<span class=\"elementor-icon-list-icon\">\n\t\t\t\t\t\t\t<svg aria-hidden=\"true\" class=\"e-font-icon-svg e-fas-chevron-right\" viewbox=\"0 0 320 512\" xmlns=\"http:\/\/www.w3.org\/2000\/svg\"><path d=\"M285.476 272.971L91.132 467.314c-9.373 9.373-24.569 9.373-33.941 0l-22.667-22.667c-9.357-9.357-9.375-24.522-.04-33.901L188.505 256 34.484 101.255c-9.335-9.379-9.317-24.544.04-33.901l22.667-22.667c9.373-9.373 24.569-9.373 33.941 0L285.475 239.03c9.373 9.372 9.373 24.568.001 33.941z\"><\/path><\/svg>\t\t\t\t\t\t<\/span>\n\t\t\t\t\t\t\t\t\t\t<span class=\"elementor-icon-list-text\">Hizmet Detaylar\u0131<\/span>\n\t\t\t\t\t\t\t\t\t<\/li>\n\t\t\t\t\t\t<\/ul>\n\t\t\t\t\t\t<\/div>\n\t\t\t\t<\/div>\n\t\t\t\t<\/div>\n\t\t\t\t\t<\/div>\n\t\t\t\t<\/div>\n\t\t<div class=\"elementor-element elementor-element-34ddca7e e-flex e-con-boxed e-con e-parent\" data-id=\"34ddca7e\" data-element_type=\"container\" data-e-type=\"container\">\n\t\t\t\t\t<div class=\"e-con-inner\">\n\t\t<div class=\"elementor-element elementor-element-543086e6 e-con-full e-flex e-con e-child\" data-id=\"543086e6\" data-element_type=\"container\" data-e-type=\"container\">\n\t\t<div class=\"elementor-element elementor-element-2fcf1f35 e-con-full e-flex e-con e-child\" data-id=\"2fcf1f35\" data-element_type=\"container\" data-e-type=\"container\" data-settings=\"{&quot;background_background&quot;:&quot;classic&quot;}\">\n\t\t\t\t<div class=\"elementor-element elementor-element-bffa7a8 elementor-widget elementor-widget-heading\" data-id=\"bffa7a8\" data-element_type=\"widget\" data-e-type=\"widget\" data-widget_type=\"heading.default\">\n\t\t\t\t<div class=\"elementor-widget-container\">\n\t\t\t\t\t<h4 class=\"elementor-heading-title elementor-size-default\">Hizmetlerimiz:<\/h4>\t\t\t\t<\/div>\n\t\t\t\t<\/div>\n\t\t\t\t<div class=\"elementor-element elementor-element-3818ef2 elementor-widget-divider--view-line elementor-widget elementor-widget-divider\" data-id=\"3818ef2\" data-element_type=\"widget\" data-e-type=\"widget\" data-widget_type=\"divider.default\">\n\t\t\t\t<div class=\"elementor-widget-container\">\n\t\t\t\t\t\t\t<div class=\"elementor-divider\">\n\t\t\t<span class=\"elementor-divider-separator\">\n\t\t\t\t\t\t<\/span>\n\t\t<\/div>\n\t\t\t\t\t\t<\/div>\n\t\t\t\t<\/div>\n\t\t\t\t<div class=\"elementor-element elementor-element-1b5a9f7b elementor-icon-list--layout-traditional elementor-list-item-link-full_width elementor-widget elementor-widget-icon-list\" data-id=\"1b5a9f7b\" data-element_type=\"widget\" data-e-type=\"widget\" data-widget_type=\"icon-list.default\">\n\t\t\t\t<div class=\"elementor-widget-container\">\n\t\t\t\t\t\t\t<ul class=\"elementor-icon-list-items\">\n\t\t\t\t\t\t\t<li class=\"elementor-icon-list-item\">\n\t\t\t\t\t\t\t\t\t\t\t<a href=\"http:\/\/evego.net\/solutions\/production\" target=\"_blank\" rel=\"noopener\">\n\n\t\t\t\t\t\t\t\t\t\t\t<span class=\"elementor-icon-list-text\">\u00dcretim<\/span>\n\t\t\t\t\t\t\t\t\t\t\t<\/a>\n\t\t\t\t\t\t\t\t\t<\/li>\n\t\t\t\t\t\t\t\t<li class=\"elementor-icon-list-item\">\n\t\t\t\t\t\t\t\t\t\t\t<a href=\"https:\/\/revego.net\/tr\/cozumler\/satis-sonrasi\/\">\n\n\t\t\t\t\t\t\t\t\t\t\t<span class=\"elementor-icon-list-text\">Sat\u0131\u015f Sonras\u0131<\/span>\n\t\t\t\t\t\t\t\t\t\t\t<\/a>\n\t\t\t\t\t\t\t\t\t<\/li>\n\t\t\t\t\t\t\t\t<li class=\"elementor-icon-list-item\">\n\t\t\t\t\t\t\t\t\t\t\t<a href=\"https:\/\/revego.net\/tr\/cozumler\/koleksiyon\/\">\n\n\t\t\t\t\t\t\t\t\t\t\t<span class=\"elementor-icon-list-text\">Ak\u0131ll\u0131 Toplama<\/span>\n\t\t\t\t\t\t\t\t\t\t\t<\/a>\n\t\t\t\t\t\t\t\t\t<\/li>\n\t\t\t\t\t\t\t\t<li class=\"elementor-icon-list-item\">\n\t\t\t\t\t\t\t\t\t\t\t<a href=\"https:\/\/revego.net\/tr\/cozumler\/izleme\/\">\n\n\t\t\t\t\t\t\t\t\t\t\t<span class=\"elementor-icon-list-text\">\u0130zleme<\/span>\n\t\t\t\t\t\t\t\t\t\t\t<\/a>\n\t\t\t\t\t\t\t\t\t<\/li>\n\t\t\t\t\t\t<\/ul>\n\t\t\t\t\t\t<\/div>\n\t\t\t\t<\/div>\n\t\t\t\t<\/div>\n\t\t<div class=\"elementor-element elementor-element-193d3247 e-con-full e-flex e-con e-child\" data-id=\"193d3247\" data-element_type=\"container\" data-e-type=\"container\" data-settings=\"{&quot;background_background&quot;:&quot;classic&quot;}\">\n\t\t\t\t<div class=\"elementor-element elementor-element-292364a elementor-widget elementor-widget-heading\" data-id=\"292364a\" data-element_type=\"widget\" data-e-type=\"widget\" data-widget_type=\"heading.default\">\n\t\t\t\t<div class=\"elementor-widget-container\">\n\t\t\t\t\t<h4 class=\"elementor-heading-title elementor-size-default\">\u0130leti\u015fim Bilgileri<\/h4>\t\t\t\t<\/div>\n\t\t\t\t<\/div>\n\t\t\t\t<div class=\"elementor-element elementor-element-140e2e0 elementor-widget-divider--view-line elementor-widget elementor-widget-divider\" data-id=\"140e2e0\" data-element_type=\"widget\" data-e-type=\"widget\" data-widget_type=\"divider.default\">\n\t\t\t\t<div class=\"elementor-widget-container\">\n\t\t\t\t\t\t\t<div class=\"elementor-divider\">\n\t\t\t<span class=\"elementor-divider-separator\">\n\t\t\t\t\t\t<\/span>\n\t\t<\/div>\n\t\t\t\t\t\t<\/div>\n\t\t\t\t<\/div>\n\t\t\t\t<div class=\"elementor-element elementor-element-30458d62 elementor-icon-list--layout-traditional elementor-list-item-link-full_width elementor-widget elementor-widget-icon-list\" data-id=\"30458d62\" data-element_type=\"widget\" data-e-type=\"widget\" data-widget_type=\"icon-list.default\">\n\t\t\t\t<div class=\"elementor-widget-container\">\n\t\t\t\t\t\t\t<ul class=\"elementor-icon-list-items\">\n\t\t\t\t\t\t\t<li class=\"elementor-icon-list-item\">\n\t\t\t\t\t\t\t\t\t\t\t<span class=\"elementor-icon-list-icon\">\n\t\t\t\t\t\t\t<i aria-hidden=\"true\" class=\"lnr lnr-phone-handset\"><\/i>\t\t\t\t\t\t<\/span>\n\t\t\t\t\t\t\t\t\t\t<span class=\"elementor-icon-list-text\">+90 (224) 280 00 00<\/span>\n\t\t\t\t\t\t\t\t\t<\/li>\n\t\t\t\t\t\t\t\t<li class=\"elementor-icon-list-item\">\n\t\t\t\t\t\t\t\t\t\t\t<span class=\"elementor-icon-list-icon\">\n\t\t\t\t\t\t\t<i aria-hidden=\"true\" class=\"icon icon-map-marker1\"><\/i>\t\t\t\t\t\t<\/span>\n\t\t\t\t\t\t\t\t\t\t<span class=\"elementor-icon-list-text\">Bursa, T\u00fcrkiye<\/span>\n\t\t\t\t\t\t\t\t\t<\/li>\n\t\t\t\t\t\t\t\t<li class=\"elementor-icon-list-item\">\n\t\t\t\t\t\t\t\t\t\t\t<span class=\"elementor-icon-list-icon\">\n\t\t\t\t\t\t\t<i aria-hidden=\"true\" class=\"lnr lnr-envelope\"><\/i>\t\t\t\t\t\t<\/span>\n\t\t\t\t\t\t\t\t\t\t<span class=\"elementor-icon-list-text\">info@revego.net<\/span>\n\t\t\t\t\t\t\t\t\t<\/li>\n\t\t\t\t\t\t<\/ul>\n\t\t\t\t\t\t<\/div>\n\t\t\t\t<\/div>\n\t\t\t\t<\/div>\n\t\t\t\t<\/div>\n\t\t<div class=\"elementor-element elementor-element-1d8d37c0 e-con-full e-flex e-con e-child\" data-id=\"1d8d37c0\" data-element_type=\"container\" data-e-type=\"container\">\n\t\t\t\t<div class=\"elementor-element elementor-element-c655cc0 elementor-widget elementor-widget-heading\" data-id=\"c655cc0\" data-element_type=\"widget\" data-e-type=\"widget\" data-widget_type=\"heading.default\">\n\t\t\t\t<div class=\"elementor-widget-container\">\n\t\t\t\t\t<h2 class=\"elementor-heading-title elementor-size-default\">S\u0131f\u0131r emisyon ve daha fazlas\u0131...\n<\/h2>\t\t\t\t<\/div>\n\t\t\t\t<\/div>\n\t\t\t\t<div class=\"elementor-element elementor-element-da22e91 elementor-widget elementor-widget-text-editor\" data-id=\"da22e91\" data-element_type=\"widget\" data-e-type=\"widget\" data-widget_type=\"text-editor.default\">\n\t\t\t\t<div class=\"elementor-widget-container\">\n\t\t\t\t\t\t\t\t\t<p>REVEGO'da, iECO Depozito \u0130ade Makineleri'ni sadece teslim etmekle kalm\u0131yor, her g\u00fcn kusursuz bir \u015fekilde \u00e7al\u0131\u015fmalar\u0131n\u0131 sa\u011fl\u0131yoruz.<\/p>\t\t\t\t\t\t\t\t<\/div>\n\t\t\t\t<\/div>\n\t\t\t\t<div class=\"elementor-element elementor-element-442385a7 elementor-widget elementor-widget-image\" data-id=\"442385a7\" data-element_type=\"widget\" data-e-type=\"widget\" data-widget_type=\"image.default\">\n\t\t\t\t<div class=\"elementor-widget-container\">\n\t\t\t\t\t\t\t\t\t\t\t\t\t\t\t<img fetchpriority=\"high\" decoding=\"async\" width=\"800\" height=\"499\" src=\"https:\/\/revego.net\/wp-content\/uploads\/2025\/07\/Customer-Support-1024x639.webp\" class=\"attachment-large size-large wp-image-3626\" alt=\"M\u00fc\u015fteri Deste\u011fi\" srcset=\"https:\/\/revego.net\/wp-content\/uploads\/2025\/07\/Customer-Support-1024x639.webp 1024w, https:\/\/revego.net\/wp-content\/uploads\/2025\/07\/Customer-Support-300x187.webp 300w, https:\/\/revego.net\/wp-content\/uploads\/2025\/07\/Customer-Support-768x480.webp 768w, https:\/\/revego.net\/wp-content\/uploads\/2025\/07\/Customer-Support-1536x959.webp 1536w, https:\/\/revego.net\/wp-content\/uploads\/2025\/07\/Customer-Support-2048x1279.webp 2048w, https:\/\/revego.net\/wp-content\/uploads\/2025\/07\/Customer-Support-18x12.webp 18w\" sizes=\"(max-width: 800px) 100vw, 800px\" \/>\t\t\t\t\t\t\t\t\t\t\t\t\t\t\t<\/div>\n\t\t\t\t<\/div>\n\t\t\t\t<div class=\"elementor-element elementor-element-73e4a21 elementor-widget elementor-widget-elementskit-accordion\" data-id=\"73e4a21\" data-element_type=\"widget\" data-e-type=\"widget\" data-widget_type=\"elementskit-accordion.default\">\n\t\t\t\t<div class=\"elementor-widget-container\">\n\t\t\t\t\t<div class=\"ekit-wid-con\" >\n        <div class=\"elementskit-accordion accoedion-primary\" id=\"accordion-69ed692ece327\">\n\n            \n                <div class=\"elementskit-card active\">\n                    <div class=\"elementskit-card-header\" id=\"primaryHeading-0-73e4a21\">\n                        <a href=\"#collapse-3a03cf569ed692ece327\" class=\"ekit-accordion--toggler elementskit-btn-link collapsed\" data-ekit-toggle=\"collapse\" data-target=\"#Collapse-3a03cf569ed692ece327\" aria-expanded=\"true\" aria-controls=\"Collapse-3a03cf569ed692ece327\">\n                            \n                            <span class=\"ekit-accordion-title\">7\/24 Uzaktan \u0130zleme ve Destek<\/span>\n\n                            \n                                <div class=\"ekit_accordion_icon_group\">\n                                    <div class=\"ekit_accordion_normal_icon\">\n                                        <!-- Normal Icon -->\n\t\t\t\t\t\t\t\t\t\t<i class=\"icon icon-down-arrow1\"><\/i>                                    <\/div>\n\n                                    <div class=\"ekit_accordion_active_icon\">\n                                        <!-- Active Icon -->\n\t\t\t\t\t\t\t\t\t\t<i class=\"icon icon-up-arrow\"><\/i>                                    <\/div>\n                                <\/div>\n\n                            \n                                                    <\/a>\n                    <\/div>\n\n                    <div id=\"Collapse-3a03cf569ed692ece327\" class=\"show collapse\" aria-labelledby=\"primaryHeading-0-73e4a21\" data-parent=\"#accordion-69ed692ece327\">\n\n                        <div class=\"elementskit-card-body ekit-accordion--content\">\n                            <p>Ekibimiz, her iECO makinesini ger\u00e7ek zamanl\u0131 olarak izlemek i\u00e7in bulut tabanl\u0131 sistemler kullanarak h\u0131zl\u0131 uzaktan tan\u0131lama, yaz\u0131l\u0131m g\u00fcncellemeleri ve sorunlar ortaya \u00e7\u0131kmadan \u00f6nce proaktif sorun \u00e7\u00f6z\u00fcm\u00fc sa\u011flar.<\/p>                        <\/div>\n\n                    <\/div>\n\n                <\/div><!-- .elementskit-card END -->\n\n                \n                <div class=\"elementskit-card\">\n                    <div class=\"elementskit-card-header\" id=\"primaryHeading-1-73e4a21\">\n                        <a href=\"#collapse-0edd54869ed692ece327\" class=\"ekit-accordion--toggler elementskit-btn-link collapsed\" data-ekit-toggle=\"collapse\" data-target=\"#Collapse-0edd54869ed692ece327\" aria-expanded=\"false\" aria-controls=\"Collapse-0edd54869ed692ece327\">\n                            \n                            <span class=\"ekit-accordion-title\">Uzman Yerinde Saha Hizmeti<\/span>\n\n                            \n                                <div class=\"ekit_accordion_icon_group\">\n                                    <div class=\"ekit_accordion_normal_icon\">\n                                        <!-- Normal Icon -->\n\t\t\t\t\t\t\t\t\t\t<i class=\"icon icon-down-arrow1\"><\/i>                                    <\/div>\n\n                                    <div class=\"ekit_accordion_active_icon\">\n                                        <!-- Active Icon -->\n\t\t\t\t\t\t\t\t\t\t<i class=\"icon icon-up-arrow\"><\/i>                                    <\/div>\n                                <\/div>\n\n                            \n                                                    <\/a>\n                    <\/div>\n\n                    <div id=\"Collapse-0edd54869ed692ece327\" class=\"collapse\" aria-labelledby=\"primaryHeading-1-73e4a21\" data-parent=\"#accordion-69ed692ece327\">\n\n                        <div class=\"elementskit-card-body ekit-accordion--content\">\n                            <p>Sertifikal\u0131 teknisyenler bak\u0131m, inceleme ve onar\u0131mlar i\u00e7in derhal g\u00f6nderilir. Ayr\u0131ca en y\u00fcksek performans\u0131 korumak i\u00e7in d\u00fczenli derinlemesine temizlik hizmetleri ve g\u00fcnl\u00fck operasyonel ipu\u00e7lar\u0131 sunuyoruz.<\/p>                        <\/div>\n\n                    <\/div>\n\n                <\/div><!-- .elementskit-card END -->\n\n                \n                <div class=\"elementskit-card\">\n                    <div class=\"elementskit-card-header\" id=\"primaryHeading-2-73e4a21\">\n                        <a href=\"#collapse-2433cd869ed692ece327\" class=\"ekit-accordion--toggler elementskit-btn-link collapsed\" data-ekit-toggle=\"collapse\" data-target=\"#Collapse-2433cd869ed692ece327\" aria-expanded=\"false\" aria-controls=\"Collapse-2433cd869ed692ece327\">\n                            \n                            <span class=\"ekit-accordion-title\">\u00d6nleyici Bak\u0131m Programlar\u0131<\/span>\n\n                            \n                                <div class=\"ekit_accordion_icon_group\">\n                                    <div class=\"ekit_accordion_normal_icon\">\n                                        <!-- Normal Icon -->\n\t\t\t\t\t\t\t\t\t\t<i class=\"icon icon-down-arrow1\"><\/i>                                    <\/div>\n\n                                    <div class=\"ekit_accordion_active_icon\">\n                                        <!-- Active Icon -->\n\t\t\t\t\t\t\t\t\t\t<i class=\"icon icon-up-arrow\"><\/i>                                    <\/div>\n                                <\/div>\n\n                            \n                                                    <\/a>\n                    <\/div>\n\n                    <div id=\"Collapse-2433cd869ed692ece327\" class=\"collapse\" aria-labelledby=\"primaryHeading-2-73e4a21\" data-parent=\"#accordion-69ed692ece327\">\n\n                        <div class=\"elementskit-card-body ekit-accordion--content\">\n                            <p>Planl\u0131 ziyaretler ve par\u00e7a de\u011fi\u015fimleri, makinelerinizin daha uzun s\u00fcre \u00e7al\u0131\u015f\u0131r durumda kalmas\u0131n\u0131 sa\u011flayarak ar\u0131za s\u00fcresini ve beklenmedik onar\u0131m maliyetlerini en aza indirir; \u00e7al\u0131\u015fma s\u00fcresini ve yat\u0131r\u0131m getirisini art\u0131r\u0131r.<\/p>                        <\/div>\n\n                    <\/div>\n\n                <\/div><!-- .elementskit-card END -->\n\n                \n                <div class=\"elementskit-card\">\n                    <div class=\"elementskit-card-header\" id=\"primaryHeading-3-73e4a21\">\n                        <a href=\"#collapse-9e588dc69ed692ece327\" class=\"ekit-accordion--toggler elementskit-btn-link collapsed\" data-ekit-toggle=\"collapse\" data-target=\"#Collapse-9e588dc69ed692ece327\" aria-expanded=\"false\" aria-controls=\"Collapse-9e588dc69ed692ece327\">\n                            \n                            <span class=\"ekit-accordion-title\">Kapsaml\u0131 E\u011fitim<\/span>\n\n                            \n                                <div class=\"ekit_accordion_icon_group\">\n                                    <div class=\"ekit_accordion_normal_icon\">\n                                        <!-- Normal Icon -->\n\t\t\t\t\t\t\t\t\t\t<i class=\"icon icon-down-arrow1\"><\/i>                                    <\/div>\n\n                                    <div class=\"ekit_accordion_active_icon\">\n                                        <!-- Active Icon -->\n\t\t\t\t\t\t\t\t\t\t<i class=\"icon icon-up-arrow\"><\/i>                                    <\/div>\n                                <\/div>\n\n                            \n                                                    <\/a>\n                    <\/div>\n\n                    <div id=\"Collapse-9e588dc69ed692ece327\" class=\"collapse\" aria-labelledby=\"primaryHeading-3-73e4a21\" data-parent=\"#accordion-69ed692ece327\">\n\n                        <div class=\"elementskit-card-body ekit-accordion--content\">\n                            <p>Personelinizi g\u00fcnl\u00fck bak\u0131m ve sorun giderme konular\u0131nda e\u011fiterek k\u00fc\u00e7\u00fck sorunlar\u0131n \u00fcstesinden gelmelerini ve temizli\u011fi g\u00fcvenle s\u00fcrd\u00fcrmelerini sa\u011fl\u0131yoruz.<\/p>                        <\/div>\n\n                    <\/div>\n\n                <\/div><!-- .elementskit-card END -->\n\n                \n                <div class=\"elementskit-card\">\n                    <div class=\"elementskit-card-header\" id=\"primaryHeading-4-73e4a21\">\n                        <a href=\"#collapse-529c21d69ed692ece327\" class=\"ekit-accordion--toggler elementskit-btn-link collapsed\" data-ekit-toggle=\"collapse\" data-target=\"#Collapse-529c21d69ed692ece327\" aria-expanded=\"false\" aria-controls=\"Collapse-529c21d69ed692ece327\">\n                            \n                            <span class=\"ekit-accordion-title\">Esnek Hizmet Anla\u015fmalar\u0131<\/span>\n\n                            \n                                <div class=\"ekit_accordion_icon_group\">\n                                    <div class=\"ekit_accordion_normal_icon\">\n                                        <!-- Normal Icon -->\n\t\t\t\t\t\t\t\t\t\t<i class=\"icon icon-down-arrow1\"><\/i>                                    <\/div>\n\n                                    <div class=\"ekit_accordion_active_icon\">\n                                        <!-- Active Icon -->\n\t\t\t\t\t\t\t\t\t\t<i class=\"icon icon-up-arrow\"><\/i>                                    <\/div>\n                                <\/div>\n\n                            \n                                                    <\/a>\n                    <\/div>\n\n                    <div id=\"Collapse-529c21d69ed692ece327\" class=\"collapse\" aria-labelledby=\"primaryHeading-4-73e4a21\" data-parent=\"#accordion-69ed692ece327\">\n\n                        <div class=\"elementskit-card-body ekit-accordion--content\">\n                            <p>\u0130htiya\u00e7lar\u0131n\u0131za uygun Basic, Plus veya Premium paketlerden birini se\u00e7in. Se\u00e7enekler aras\u0131nda uzat\u0131lm\u0131\u015f garantiler, h\u0131zl\u0131 yedek par\u00e7a ve tam yaz\u0131l\u0131m y\u00fckseltmeleri yer al\u0131r.<\/p>                        <\/div>\n\n                    <\/div>\n\n                <\/div><!-- .elementskit-card END -->\n\n                \n                <div class=\"elementskit-card\">\n                    <div class=\"elementskit-card-header\" id=\"primaryHeading-5-73e4a21\">\n                        <a href=\"#collapse-e991d1469ed692ece327\" class=\"ekit-accordion--toggler elementskit-btn-link collapsed\" data-ekit-toggle=\"collapse\" data-target=\"#Collapse-e991d1469ed692ece327\" aria-expanded=\"false\" aria-controls=\"Collapse-e991d1469ed692ece327\">\n                            \n                            <span class=\"ekit-accordion-title\">\u00d6zel Yerel Destek<\/span>\n\n                            \n                                <div class=\"ekit_accordion_icon_group\">\n                                    <div class=\"ekit_accordion_normal_icon\">\n                                        <!-- Normal Icon -->\n\t\t\t\t\t\t\t\t\t\t<i class=\"icon icon-down-arrow1\"><\/i>                                    <\/div>\n\n                                    <div class=\"ekit_accordion_active_icon\">\n                                        <!-- Active Icon -->\n\t\t\t\t\t\t\t\t\t\t<i class=\"icon icon-up-arrow\"><\/i>                                    <\/div>\n                                <\/div>\n\n                            \n                                                    <\/a>\n                    <\/div>\n\n                    <div id=\"Collapse-e991d1469ed692ece327\" class=\"collapse\" aria-labelledby=\"primaryHeading-5-73e4a21\" data-parent=\"#accordion-69ed692ece327\">\n\n                        <div class=\"elementskit-card-body ekit-accordion--content\">\n                            <p>B\u00f6lgesel hizmet merkezleri ve k\u00fcresel destek a\u011f\u0131yla, \u00fclkenizin DRS d\u00fczenlemelerine ve perakende ekosistemine g\u00f6re uyarlanm\u0131\u015f h\u0131zl\u0131 ve g\u00fcvenilir yard\u0131m al\u0131rs\u0131n\u0131z.<\/p>                        <\/div>\n\n                    <\/div>\n\n                <\/div><!-- .elementskit-card END -->\n\n                                        <\/div>\n    <\/div>\t\t\t\t<\/div>\n\t\t\t\t<\/div>\n\t\t\t\t<div class=\"elementor-element elementor-element-307a64a4 elementor-widget-divider--view-line elementor-widget elementor-widget-divider\" data-id=\"307a64a4\" data-element_type=\"widget\" data-e-type=\"widget\" data-widget_type=\"divider.default\">\n\t\t\t\t<div class=\"elementor-widget-container\">\n\t\t\t\t\t\t\t<div class=\"elementor-divider\">\n\t\t\t<span class=\"elementor-divider-separator\">\n\t\t\t\t\t\t<\/span>\n\t\t<\/div>\n\t\t\t\t\t\t<\/div>\n\t\t\t\t<\/div>\n\t\t\t\t<\/div>\n\t\t\t\t\t<\/div>\n\t\t\t\t<\/div>\n\t\t\t\t<\/div>","protected":false},"excerpt":{"rendered":"<p>Customer Service Home Service Details Our Services: Production After Sales Collection Monitoring Contact Info +90 (224) 280 00 00 Bursa, T\u00fcrkiye info@revego.net Zero emissions and more\u2026\u200b At REVEGO, we don\u2019t just deliver iECO Reverse Vending Machines we ensure they operate flawlessly, day in and day out. 24\/7 Remote Monitoring &amp; Support Our team uses cloud\u2011based [&hellip;]<\/p>\n","protected":false},"author":1,"featured_media":0,"parent":1114,"menu_order":0,"comment_status":"closed","ping_status":"closed","template":"elementor_header_footer","meta":{"_eb_attr":"","footnotes":""},"class_list":["post-2317","page","type-page","status-publish","hentry"],"_links":{"self":[{"href":"https:\/\/revego.net\/tr\/wp-json\/wp\/v2\/pages\/2317","targetHints":{"allow":["GET"]}}],"collection":[{"href":"https:\/\/revego.net\/tr\/wp-json\/wp\/v2\/pages"}],"about":[{"href":"https:\/\/revego.net\/tr\/wp-json\/wp\/v2\/types\/page"}],"author":[{"embeddable":true,"href":"https:\/\/revego.net\/tr\/wp-json\/wp\/v2\/users\/1"}],"replies":[{"embeddable":true,"href":"https:\/\/revego.net\/tr\/wp-json\/wp\/v2\/comments?post=2317"}],"version-history":[{"count":0,"href":"https:\/\/revego.net\/tr\/wp-json\/wp\/v2\/pages\/2317\/revisions"}],"up":[{"embeddable":true,"href":"https:\/\/revego.net\/tr\/wp-json\/wp\/v2\/pages\/1114"}],"wp:attachment":[{"href":"https:\/\/revego.net\/tr\/wp-json\/wp\/v2\/media?parent=2317"}],"curies":[{"name":"wp","href":"https:\/\/api.w.org\/{rel}","templated":true}]}}